{"id":3,"date":"2022-06-13T08:46:11","date_gmt":"2022-06-13T08:46:11","guid":{"rendered":"https:\/\/www.istanbularacikargo.com\/?page_id=3"},"modified":"2022-06-16T08:32:40","modified_gmt":"2022-06-16T08:32:40","slug":"privacy-policy","status":"publish","type":"page","link":"https:\/\/www.istanbularacikargo.com\/?page_id=3","title":{"rendered":"B\u0130LG\u0130 BANKASI"},"content":{"rendered":"\n<h2 class=\"wp-block-heading\"><img loading=\"lazy\" decoding=\"async\" width=\"300\" height=\"63\" class=\"wp-image-15\" style=\"width: 300px;\" src=\"https:\/\/www.istanbularacikargo.com\/wp-content\/uploads\/2022\/06\/Logobeyaz_Tarim.jpg\" alt=\"\" srcset=\"https:\/\/www.istanbularacikargo.com\/wp-content\/uploads\/2022\/06\/Logobeyaz_Tarim.jpg 963w, https:\/\/www.istanbularacikargo.com\/wp-content\/uploads\/2022\/06\/Logobeyaz_Tarim-300x63.jpg 300w, https:\/\/www.istanbularacikargo.com\/wp-content\/uploads\/2022\/06\/Logobeyaz_Tarim-768x161.jpg 768w\" sizes=\"auto, (max-width: 300px) 100vw, 300px\" \/>SOSYAL MEYDA \u00dcZER\u0130NDEN SATI\u015e YAPANLAR \u0130\u00c7\u0130N KAPIDA \u00d6DEMEL\u0130 KARGO H\u0130ZMET\u0130 SUNUYORUZ.<\/h2>\n\n\n\n<p>\u00d6zellikle Sosyal medya Instagram ve Facebook  \u00fczerinden sat\u0131\u015f yapanlar i\u00e7in <a href=\"https:\/\/www.istanbularacikargo.com\/\">www.istanbularacikargo.com<\/a> olarak Kap\u0131da \u00d6demeli Kargo hizmeti veren Firmam\u0131z Yurti\u00e7i Kargo,Aras Kargo,Mng Kargo,Aras Kargo,Ptt Kargo Anla\u015fmal\u0131d\u0131r.<\/p>\n\n\n\n<h2 class=\"wp-block-heading\">\u00d6DEMELER<\/h2>\n\n\n\n<p><a href=\"https:\/\/www.istanbularacikargo.com\/\">\u0130stanbul Arac\u0131 Karg<\/a>o Teslim Kargolar\u0131n \u00f6demesi ertesi g\u00fcn hesaplar\u0131n\u0131za an\u0131nda \u00f6der<\/p>\n\n\n\n<p>S\u00f6zle\u015fmede belirtilen \u0130ban&#8217;a \u0130stanbul <a href=\"https:\/\/www.istanbularacikargo.com\/\">Arac\u0131 Kargo<\/a> Kargo teslim edilmi\u015f ise ertesi g\u00fcn belirtilen iban&#8217;a \u00f6demesini an\u0131nda ger\u00e7ekle\u015ftirir.<\/p>\n\n\n\n<h2 class=\"wp-block-heading\">B\u0130REYSEL OLARAK KARGO G\u00d6NDER\u0130S\u0130 YAPAB\u0130L\u0130RM\u0130Y\u0130M <\/h2>\n\n\n\n<p><a href=\"https:\/\/www.istanbularacikargo.com\/\">\u0130stanbul Arac\u0131 Kargo<\/a> olarak Bireysel olarak Kap\u0131da \u00f6demeli Kargo g\u00f6nderimi yapmak i\u00e7in ayl\u0131k en az  100 ve \u00fczeri kargo g\u00f6nderi \u015eart\u0131 vard\u0131r.<\/p>\n\n\n\n<h2 class=\"wp-block-heading\"><\/h2>\n\n\n\n<p><\/p>\n\n\n\n<p>ugh an automated spam detection service.<\/p>\n","protected":false},"excerpt":{"rendered":"<p>SOSYAL MEYDA \u00dcZER\u0130NDEN SATI\u015e YAPANLAR \u0130\u00c7\u0130N KAPIDA \u00d6DEMEL\u0130 KARGO H\u0130ZMET\u0130 SUNUYORUZ. \u00d6zellikle Sosyal medya Instagram ve Facebook \u00fczerinden sat\u0131\u015f yapanlar i\u00e7in www.istanbularacikargo.com olarak Kap\u0131da \u00d6demeli Kargo hizmeti veren Firmam\u0131z Yurti\u00e7i Kargo,Aras Kargo,Mng Kargo,Aras Kargo,Ptt Kargo Anla\u015fmal\u0131d\u0131r. \u00d6DEMELER \u0130stanbul Arac\u0131 Kargo Teslim Kargolar\u0131n \u00f6demesi ertesi g\u00fcn hesaplar\u0131n\u0131za an\u0131nda \u00f6der S\u00f6zle\u015fmede belirtilen \u0130ban&#8217;a \u0130stanbul Arac\u0131 Kargo Kargo&hellip; <br \/> <a class=\"read-more\" href=\"https:\/\/www.istanbularacikargo.com\/?page_id=3\">Devam\u0131<\/a><\/p>\n","protected":false},"author":1,"featured_media":0,"parent":0,"menu_order":0,"comment_status":"closed","ping_status":"open","template":"","meta":{"footnotes":""},"class_list":["post-3","page","type-page","status-publish","hentry"],"yoast_head":"<!-- This site is optimized with the Yoast SEO plugin v26.2 - https:\/\/yoast.com\/wordpress\/plugins\/seo\/ -->\n<title>Bireysel olarak Kap\u0131da \u00d6demeli Kargo Anla\u015fmas\u0131 yapmak 0212 269 70 33<\/title>\n<meta name=\"description\" content=\"\u00d6zellikle Sosyal medya Instagram ve Facebook \u00fczerinden sat\u0131\u015f yapanlar i\u00e7in www.istanbularacikargo.com olarak Kap\u0131da \u00d6demeli Kargo hizmeti veren Firmam\u0131z Yurti\u00e7i Kargo,Aras Kargo,Mng Kargo,Aras Kargo,Ptt Kargo Anla\u015fmal\u0131d\u0131r.\" \/>\n<meta name=\"robots\" content=\"index, follow, max-snippet:-1, max-image-preview:large, max-video-preview:-1\" \/>\n<link rel=\"canonical\" href=\"https:\/\/www.istanbularacikargo.com\/?page_id=3\" \/>\n<meta property=\"og:locale\" content=\"tr_TR\" \/>\n<meta property=\"og:type\" content=\"article\" \/>\n<meta property=\"og:title\" content=\"Bireysel olarak Kap\u0131da \u00d6demeli Kargo Anla\u015fmas\u0131 yapmak 0212 269 70 33\" \/>\n<meta property=\"og:description\" content=\"\u00d6zellikle Sosyal medya Instagram ve Facebook \u00fczerinden sat\u0131\u015f yapanlar i\u00e7in www.istanbularacikargo.com olarak Kap\u0131da \u00d6demeli Kargo hizmeti veren Firmam\u0131z Yurti\u00e7i Kargo,Aras Kargo,Mng Kargo,Aras Kargo,Ptt Kargo Anla\u015fmal\u0131d\u0131r.\" \/>\n<meta property=\"og:url\" content=\"https:\/\/www.istanbularacikargo.com\/?page_id=3\" \/>\n<meta property=\"og:site_name\" content=\"\u0130stanbul Arac\u0131 Kargo\" \/>\n<meta property=\"article:modified_time\" content=\"2022-06-16T08:32:40+00:00\" \/>\n<meta property=\"og:image\" content=\"https:\/\/www.istanbularacikargo.com\/wp-content\/uploads\/2022\/06\/Logobeyaz_Tarim.jpg\" \/>\n<meta name=\"twitter:card\" content=\"summary_large_image\" \/>\n<meta name=\"twitter:label1\" content=\"Tahmini okuma s\u00fcresi\" \/>\n\t<meta name=\"twitter:data1\" content=\"1 dakika\" \/>\n<script type=\"application\/ld+json\" class=\"yoast-schema-graph\">{\"@context\":\"https:\/\/schema.org\",\"@graph\":[{\"@type\":\"WebPage\",\"@id\":\"https:\/\/www.istanbularacikargo.com\/?page_id=3\",\"url\":\"https:\/\/www.istanbularacikargo.com\/?page_id=3\",\"name\":\"Bireysel olarak Kap\u0131da \u00d6demeli Kargo Anla\u015fmas\u0131 yapmak 0212 269 70 33\",\"isPartOf\":{\"@id\":\"https:\/\/www.istanbularacikargo.com\/#website\"},\"primaryImageOfPage\":{\"@id\":\"https:\/\/www.istanbularacikargo.com\/?page_id=3#primaryimage\"},\"image\":{\"@id\":\"https:\/\/www.istanbularacikargo.com\/?page_id=3#primaryimage\"},\"thumbnailUrl\":\"https:\/\/www.istanbularacikargo.com\/wp-content\/uploads\/2022\/06\/Logobeyaz_Tarim.jpg\",\"datePublished\":\"2022-06-13T08:46:11+00:00\",\"dateModified\":\"2022-06-16T08:32:40+00:00\",\"description\":\"\u00d6zellikle Sosyal medya Instagram ve Facebook \u00fczerinden sat\u0131\u015f yapanlar i\u00e7in www.istanbularacikargo.com olarak Kap\u0131da \u00d6demeli Kargo hizmeti veren Firmam\u0131z Yurti\u00e7i Kargo,Aras Kargo,Mng Kargo,Aras Kargo,Ptt Kargo Anla\u015fmal\u0131d\u0131r.\",\"breadcrumb\":{\"@id\":\"https:\/\/www.istanbularacikargo.com\/?page_id=3#breadcrumb\"},\"inLanguage\":\"tr\",\"potentialAction\":[{\"@type\":\"ReadAction\",\"target\":[\"https:\/\/www.istanbularacikargo.com\/?page_id=3\"]}]},{\"@type\":\"ImageObject\",\"inLanguage\":\"tr\",\"@id\":\"https:\/\/www.istanbularacikargo.com\/?page_id=3#primaryimage\",\"url\":\"https:\/\/www.istanbularacikargo.com\/wp-content\/uploads\/2022\/06\/Logobeyaz_Tarim.jpg\",\"contentUrl\":\"https:\/\/www.istanbularacikargo.com\/wp-content\/uploads\/2022\/06\/Logobeyaz_Tarim.jpg\",\"width\":963,\"height\":202},{\"@type\":\"BreadcrumbList\",\"@id\":\"https:\/\/www.istanbularacikargo.com\/?page_id=3#breadcrumb\",\"itemListElement\":[{\"@type\":\"ListItem\",\"position\":1,\"name\":\"Anasayfa\",\"item\":\"https:\/\/www.istanbularacikargo.com\/\"},{\"@type\":\"ListItem\",\"position\":2,\"name\":\"B\u0130LG\u0130 BANKASI\"}]},{\"@type\":\"WebSite\",\"@id\":\"https:\/\/www.istanbularacikargo.com\/#website\",\"url\":\"https:\/\/www.istanbularacikargo.com\/\",\"name\":\"\u0130stanbul Arac\u0131 Kargo\",\"description\":\"| (0212) 269 70 33  | Kap\u0131da \u00d6deme  |\",\"publisher\":{\"@id\":\"https:\/\/www.istanbularacikargo.com\/#organization\"},\"potentialAction\":[{\"@type\":\"SearchAction\",\"target\":{\"@type\":\"EntryPoint\",\"urlTemplate\":\"https:\/\/www.istanbularacikargo.com\/?s={search_term_string}\"},\"query-input\":{\"@type\":\"PropertyValueSpecification\",\"valueRequired\":true,\"valueName\":\"search_term_string\"}}],\"inLanguage\":\"tr\"},{\"@type\":\"Organization\",\"@id\":\"https:\/\/www.istanbularacikargo.com\/#organization\",\"name\":\"\u0130stanbul Arac\u0131 Kargo\",\"alternateName\":\"\u0130stanbul Arac\u0131 Kargo\",\"url\":\"https:\/\/www.istanbularacikargo.com\/\",\"logo\":{\"@type\":\"ImageObject\",\"inLanguage\":\"tr\",\"@id\":\"https:\/\/www.istanbularacikargo.com\/#\/schema\/logo\/image\/\",\"url\":\"https:\/\/www.istanbularacikargo.com\/wp-content\/uploads\/2023\/11\/IST-ARACI-KARGO.png\",\"contentUrl\":\"https:\/\/www.istanbularacikargo.com\/wp-content\/uploads\/2023\/11\/IST-ARACI-KARGO.png\",\"width\":344,\"height\":141,\"caption\":\"\u0130stanbul Arac\u0131 Kargo\"},\"image\":{\"@id\":\"https:\/\/www.istanbularacikargo.com\/#\/schema\/logo\/image\/\"}}]}<\/script>\n<!-- \/ Yoast SEO plugin. -->","yoast_head_json":{"title":"Bireysel olarak Kap\u0131da \u00d6demeli Kargo Anla\u015fmas\u0131 yapmak 0212 269 70 33","description":"\u00d6zellikle Sosyal medya Instagram ve Facebook \u00fczerinden sat\u0131\u015f yapanlar i\u00e7in www.istanbularacikargo.com olarak Kap\u0131da \u00d6demeli Kargo hizmeti veren Firmam\u0131z Yurti\u00e7i Kargo,Aras Kargo,Mng Kargo,Aras Kargo,Ptt Kargo Anla\u015fmal\u0131d\u0131r.","robots":{"index":"index","follow":"follow","max-snippet":"max-snippet:-1","max-image-preview":"max-image-preview:large","max-video-preview":"max-video-preview:-1"},"canonical":"https:\/\/www.istanbularacikargo.com\/?page_id=3","og_locale":"tr_TR","og_type":"article","og_title":"Bireysel olarak Kap\u0131da \u00d6demeli Kargo Anla\u015fmas\u0131 yapmak 0212 269 70 33","og_description":"\u00d6zellikle Sosyal medya Instagram ve Facebook \u00fczerinden sat\u0131\u015f yapanlar i\u00e7in www.istanbularacikargo.com olarak Kap\u0131da \u00d6demeli Kargo hizmeti veren Firmam\u0131z Yurti\u00e7i Kargo,Aras Kargo,Mng Kargo,Aras Kargo,Ptt Kargo Anla\u015fmal\u0131d\u0131r.","og_url":"https:\/\/www.istanbularacikargo.com\/?page_id=3","og_site_name":"\u0130stanbul Arac\u0131 Kargo","article_modified_time":"2022-06-16T08:32:40+00:00","og_image":[{"url":"https:\/\/www.istanbularacikargo.com\/wp-content\/uploads\/2022\/06\/Logobeyaz_Tarim.jpg","type":"","width":"","height":""}],"twitter_card":"summary_large_image","twitter_misc":{"Tahmini okuma s\u00fcresi":"1 dakika"},"schema":{"@context":"https:\/\/schema.org","@graph":[{"@type":"WebPage","@id":"https:\/\/www.istanbularacikargo.com\/?page_id=3","url":"https:\/\/www.istanbularacikargo.com\/?page_id=3","name":"Bireysel olarak Kap\u0131da \u00d6demeli Kargo Anla\u015fmas\u0131 yapmak 0212 269 70 33","isPartOf":{"@id":"https:\/\/www.istanbularacikargo.com\/#website"},"primaryImageOfPage":{"@id":"https:\/\/www.istanbularacikargo.com\/?page_id=3#primaryimage"},"image":{"@id":"https:\/\/www.istanbularacikargo.com\/?page_id=3#primaryimage"},"thumbnailUrl":"https:\/\/www.istanbularacikargo.com\/wp-content\/uploads\/2022\/06\/Logobeyaz_Tarim.jpg","datePublished":"2022-06-13T08:46:11+00:00","dateModified":"2022-06-16T08:32:40+00:00","description":"\u00d6zellikle Sosyal medya Instagram ve Facebook \u00fczerinden sat\u0131\u015f yapanlar i\u00e7in www.istanbularacikargo.com olarak Kap\u0131da \u00d6demeli Kargo hizmeti veren Firmam\u0131z Yurti\u00e7i Kargo,Aras Kargo,Mng Kargo,Aras Kargo,Ptt Kargo Anla\u015fmal\u0131d\u0131r.","breadcrumb":{"@id":"https:\/\/www.istanbularacikargo.com\/?page_id=3#breadcrumb"},"inLanguage":"tr","potentialAction":[{"@type":"ReadAction","target":["https:\/\/www.istanbularacikargo.com\/?page_id=3"]}]},{"@type":"ImageObject","inLanguage":"tr","@id":"https:\/\/www.istanbularacikargo.com\/?page_id=3#primaryimage","url":"https:\/\/www.istanbularacikargo.com\/wp-content\/uploads\/2022\/06\/Logobeyaz_Tarim.jpg","contentUrl":"https:\/\/www.istanbularacikargo.com\/wp-content\/uploads\/2022\/06\/Logobeyaz_Tarim.jpg","width":963,"height":202},{"@type":"BreadcrumbList","@id":"https:\/\/www.istanbularacikargo.com\/?page_id=3#breadcrumb","itemListElement":[{"@type":"ListItem","position":1,"name":"Anasayfa","item":"https:\/\/www.istanbularacikargo.com\/"},{"@type":"ListItem","position":2,"name":"B\u0130LG\u0130 BANKASI"}]},{"@type":"WebSite","@id":"https:\/\/www.istanbularacikargo.com\/#website","url":"https:\/\/www.istanbularacikargo.com\/","name":"\u0130stanbul Arac\u0131 Kargo","description":"| (0212) 269 70 33  | Kap\u0131da \u00d6deme  |","publisher":{"@id":"https:\/\/www.istanbularacikargo.com\/#organization"},"potentialAction":[{"@type":"SearchAction","target":{"@type":"EntryPoint","urlTemplate":"https:\/\/www.istanbularacikargo.com\/?s={search_term_string}"},"query-input":{"@type":"PropertyValueSpecification","valueRequired":true,"valueName":"search_term_string"}}],"inLanguage":"tr"},{"@type":"Organization","@id":"https:\/\/www.istanbularacikargo.com\/#organization","name":"\u0130stanbul Arac\u0131 Kargo","alternateName":"\u0130stanbul Arac\u0131 Kargo","url":"https:\/\/www.istanbularacikargo.com\/","logo":{"@type":"ImageObject","inLanguage":"tr","@id":"https:\/\/www.istanbularacikargo.com\/#\/schema\/logo\/image\/","url":"https:\/\/www.istanbularacikargo.com\/wp-content\/uploads\/2023\/11\/IST-ARACI-KARGO.png","contentUrl":"https:\/\/www.istanbularacikargo.com\/wp-content\/uploads\/2023\/11\/IST-ARACI-KARGO.png","width":344,"height":141,"caption":"\u0130stanbul Arac\u0131 Kargo"},"image":{"@id":"https:\/\/www.istanbularacikargo.com\/#\/schema\/logo\/image\/"}}]}},"_links":{"self":[{"href":"https:\/\/www.istanbularacikargo.com\/index.php?rest_route=\/wp\/v2\/pages\/3","targetHints":{"allow":["GET"]}}],"collection":[{"href":"https:\/\/www.istanbularacikargo.com\/index.php?rest_route=\/wp\/v2\/pages"}],"about":[{"href":"https:\/\/www.istanbularacikargo.com\/index.php?rest_route=\/wp\/v2\/types\/page"}],"author":[{"embeddable":true,"href":"https:\/\/www.istanbularacikargo.com\/index.php?rest_route=\/wp\/v2\/users\/1"}],"replies":[{"embeddable":true,"href":"https:\/\/www.istanbularacikargo.com\/index.php?rest_route=%2Fwp%2Fv2%2Fcomments&post=3"}],"version-history":[{"count":2,"href":"https:\/\/www.istanbularacikargo.com\/index.php?rest_route=\/wp\/v2\/pages\/3\/revisions"}],"predecessor-version":[{"id":39,"href":"https:\/\/www.istanbularacikargo.com\/index.php?rest_route=\/wp\/v2\/pages\/3\/revisions\/39"}],"wp:attachment":[{"href":"https:\/\/www.istanbularacikargo.com\/index.php?rest_route=%2Fwp%2Fv2%2Fmedia&parent=3"}],"curies":[{"name":"wp","href":"https:\/\/api.w.org\/{rel}","templated":true}]}}