{"id":263,"date":"2023-09-19T13:34:02","date_gmt":"2023-09-19T13:34:02","guid":{"rendered":"https:\/\/www.istanbularacikargo.com\/?page_id=263"},"modified":"2024-09-25T07:41:51","modified_gmt":"2024-09-25T07:41:51","slug":"araci-kargo-fiyatlari","status":"publish","type":"page","link":"https:\/\/www.istanbularacikargo.com\/?page_id=263","title":{"rendered":"Fiyatlar\u0131m\u0131z"},"content":{"rendered":"\n<p><img loading=\"lazy\" decoding=\"async\" width=\"900\" height=\"320\" class=\"wp-image-264\" style=\"width: 900px;\" src=\"https:\/\/www.istanbularacikargo.com\/wp-content\/uploads\/2023\/09\/anlasmalikargolar.jpg\" alt=\"\" srcset=\"https:\/\/www.istanbularacikargo.com\/wp-content\/uploads\/2023\/09\/anlasmalikargolar.jpg 1200w, https:\/\/www.istanbularacikargo.com\/wp-content\/uploads\/2023\/09\/anlasmalikargolar-300x107.jpg 300w, https:\/\/www.istanbularacikargo.com\/wp-content\/uploads\/2023\/09\/anlasmalikargolar-1024x364.jpg 1024w, https:\/\/www.istanbularacikargo.com\/wp-content\/uploads\/2023\/09\/anlasmalikargolar-768x273.jpg 768w\" sizes=\"auto, (max-width: 900px) 100vw, 900px\" \/>\u0130stanbul Arac\u0131 Kargo Kap\u0131da \u00d6demi Kargo fiyatlar\u0131 ;Fiyatlar\u0131m\u0131z Aras Kargo,Ptt Kargo ve S\u00fcrat Kargo fiyatlar\u0131n\u0131 i\u00e7ermektedir. Yurti\u00e7i Kargo ve Mng Kargo i\u00e7in fiyat al\u0131n\u0131z. Fiyatlar\u0131m\u0131z G\u00fcnl\u00fck en az 10 ve \u00fczeri d\u00fczenli Kargo \u00e7\u0131k\u0131\u015f\u0131 olan M\u00fc\u015fteriler i\u00e7in ge\u00e7erli Fiyat tarifesidir<img loading=\"lazy\" decoding=\"async\" width=\"850\" height=\"831\" class=\"wp-image-431\" style=\"width: 850px;\" src=\"https:\/\/www.istanbularacikargo.com\/wp-content\/uploads\/2024\/09\/8510.png\" alt=\"\" srcset=\"https:\/\/www.istanbularacikargo.com\/wp-content\/uploads\/2024\/09\/8510.png 525w, https:\/\/www.istanbularacikargo.com\/wp-content\/uploads\/2024\/09\/8510-300x293.png 300w\" sizes=\"auto, (max-width: 850px) 100vw, 850px\" \/><\/p>\n\n\n\n<p><a href=\"https:\/\/www.istanbularacikargo.com\/\">www.istanbularacikargo.com<\/a><\/p>\n","protected":false},"excerpt":{"rendered":"<p>\u0130stanbul Arac\u0131 Kargo Kap\u0131da \u00d6demi Kargo fiyatlar\u0131 ;Fiyatlar\u0131m\u0131z Aras Kargo,Ptt Kargo ve S\u00fcrat Kargo fiyatlar\u0131n\u0131 i\u00e7ermektedir. Yurti\u00e7i Kargo ve Mng Kargo i\u00e7in fiyat al\u0131n\u0131z. Fiyatlar\u0131m\u0131z G\u00fcnl\u00fck en az 10 ve \u00fczeri d\u00fczenli Kargo \u00e7\u0131k\u0131\u015f\u0131 olan M\u00fc\u015fteriler i\u00e7in ge\u00e7erli Fiyat tarifesidir www.istanbularacikargo.com<\/p>\n","protected":false},"author":1,"featured_media":0,"parent":0,"menu_order":0,"comment_status":"closed","ping_status":"closed","template":"","meta":{"footnotes":""},"class_list":["post-263","page","type-page","status-publish","hentry"],"yoast_head":"<!-- This site is optimized with the Yoast SEO plugin v26.2 - https:\/\/yoast.com\/wordpress\/plugins\/seo\/ -->\n<title>\u0130stanbul Arac\u0131 Kargo fiyatlar\u0131<\/title>\n<meta name=\"description\" content=\"\u0130stanbul Arac\u0131 Kargo Kap\u0131da \u00d6demi Kargo fiyatlar\u0131 ;Fiyatlar\u0131m\u0131z Aras Kargo,Ptt Kargo ve S\u00fcrat Kargo fiyatlar\u0131n\u0131 i\u00e7ermektedir. Yurti\u00e7i Kargo ve Mng Kargo i\u00e7in fiyat al\u0131n\u0131z. Fiyatlar\u0131m\u0131z G\u00fcnl\u00fck en az 10 ve \u00fczeri d\u00fczenli Kargo \u00e7\u0131k\u0131\u015f\u0131 olan M\u00fc\u015fteriler i\u00e7in ge\u00e7erli Fiyat tarifesidir\" \/>\n<meta name=\"robots\" content=\"index, follow, max-snippet:-1, max-image-preview:large, max-video-preview:-1\" \/>\n<link rel=\"canonical\" href=\"https:\/\/www.istanbularacikargo.com\/?page_id=263\" \/>\n<meta property=\"og:locale\" content=\"tr_TR\" \/>\n<meta property=\"og:type\" content=\"article\" \/>\n<meta property=\"og:title\" content=\"\u0130stanbul Arac\u0131 Kargo fiyatlar\u0131\" \/>\n<meta property=\"og:description\" content=\"\u0130stanbul Arac\u0131 Kargo Kap\u0131da \u00d6demi Kargo fiyatlar\u0131 ;Fiyatlar\u0131m\u0131z Aras Kargo,Ptt Kargo ve S\u00fcrat Kargo fiyatlar\u0131n\u0131 i\u00e7ermektedir. Yurti\u00e7i Kargo ve Mng Kargo i\u00e7in fiyat al\u0131n\u0131z. Fiyatlar\u0131m\u0131z G\u00fcnl\u00fck en az 10 ve \u00fczeri d\u00fczenli Kargo \u00e7\u0131k\u0131\u015f\u0131 olan M\u00fc\u015fteriler i\u00e7in ge\u00e7erli Fiyat tarifesidir\" \/>\n<meta property=\"og:url\" content=\"https:\/\/www.istanbularacikargo.com\/?page_id=263\" \/>\n<meta property=\"og:site_name\" content=\"\u0130stanbul Arac\u0131 Kargo\" \/>\n<meta property=\"article:modified_time\" content=\"2024-09-25T07:41:51+00:00\" \/>\n<meta property=\"og:image\" content=\"https:\/\/www.istanbularacikargo.com\/wp-content\/uploads\/2023\/09\/anlasmalikargolar.jpg\" \/>\n<meta name=\"twitter:card\" content=\"summary_large_image\" \/>\n<meta name=\"twitter:label1\" content=\"Tahmini okuma s\u00fcresi\" \/>\n\t<meta name=\"twitter:data1\" content=\"1 dakika\" \/>\n<script type=\"application\/ld+json\" class=\"yoast-schema-graph\">{\"@context\":\"https:\/\/schema.org\",\"@graph\":[{\"@type\":\"WebPage\",\"@id\":\"https:\/\/www.istanbularacikargo.com\/?page_id=263\",\"url\":\"https:\/\/www.istanbularacikargo.com\/?page_id=263\",\"name\":\"\u0130stanbul Arac\u0131 Kargo fiyatlar\u0131\",\"isPartOf\":{\"@id\":\"https:\/\/www.istanbularacikargo.com\/#website\"},\"primaryImageOfPage\":{\"@id\":\"https:\/\/www.istanbularacikargo.com\/?page_id=263#primaryimage\"},\"image\":{\"@id\":\"https:\/\/www.istanbularacikargo.com\/?page_id=263#primaryimage\"},\"thumbnailUrl\":\"https:\/\/www.istanbularacikargo.com\/wp-content\/uploads\/2023\/09\/anlasmalikargolar.jpg\",\"datePublished\":\"2023-09-19T13:34:02+00:00\",\"dateModified\":\"2024-09-25T07:41:51+00:00\",\"description\":\"\u0130stanbul Arac\u0131 Kargo Kap\u0131da \u00d6demi Kargo fiyatlar\u0131 ;Fiyatlar\u0131m\u0131z Aras Kargo,Ptt Kargo ve S\u00fcrat Kargo fiyatlar\u0131n\u0131 i\u00e7ermektedir. Yurti\u00e7i Kargo ve Mng Kargo i\u00e7in fiyat al\u0131n\u0131z. Fiyatlar\u0131m\u0131z G\u00fcnl\u00fck en az 10 ve \u00fczeri d\u00fczenli Kargo \u00e7\u0131k\u0131\u015f\u0131 olan M\u00fc\u015fteriler i\u00e7in ge\u00e7erli Fiyat tarifesidir\",\"breadcrumb\":{\"@id\":\"https:\/\/www.istanbularacikargo.com\/?page_id=263#breadcrumb\"},\"inLanguage\":\"tr\",\"potentialAction\":[{\"@type\":\"ReadAction\",\"target\":[\"https:\/\/www.istanbularacikargo.com\/?page_id=263\"]}]},{\"@type\":\"ImageObject\",\"inLanguage\":\"tr\",\"@id\":\"https:\/\/www.istanbularacikargo.com\/?page_id=263#primaryimage\",\"url\":\"https:\/\/www.istanbularacikargo.com\/wp-content\/uploads\/2023\/09\/anlasmalikargolar.jpg\",\"contentUrl\":\"https:\/\/www.istanbularacikargo.com\/wp-content\/uploads\/2023\/09\/anlasmalikargolar.jpg\",\"width\":1200,\"height\":427},{\"@type\":\"BreadcrumbList\",\"@id\":\"https:\/\/www.istanbularacikargo.com\/?page_id=263#breadcrumb\",\"itemListElement\":[{\"@type\":\"ListItem\",\"position\":1,\"name\":\"Anasayfa\",\"item\":\"https:\/\/www.istanbularacikargo.com\/\"},{\"@type\":\"ListItem\",\"position\":2,\"name\":\"Fiyatlar\u0131m\u0131z\"}]},{\"@type\":\"WebSite\",\"@id\":\"https:\/\/www.istanbularacikargo.com\/#website\",\"url\":\"https:\/\/www.istanbularacikargo.com\/\",\"name\":\"\u0130stanbul Arac\u0131 Kargo\",\"description\":\"| (0212) 269 70 33  | Kap\u0131da \u00d6deme  |\",\"publisher\":{\"@id\":\"https:\/\/www.istanbularacikargo.com\/#organization\"},\"potentialAction\":[{\"@type\":\"SearchAction\",\"target\":{\"@type\":\"EntryPoint\",\"urlTemplate\":\"https:\/\/www.istanbularacikargo.com\/?s={search_term_string}\"},\"query-input\":{\"@type\":\"PropertyValueSpecification\",\"valueRequired\":true,\"valueName\":\"search_term_string\"}}],\"inLanguage\":\"tr\"},{\"@type\":\"Organization\",\"@id\":\"https:\/\/www.istanbularacikargo.com\/#organization\",\"name\":\"\u0130stanbul Arac\u0131 Kargo\",\"alternateName\":\"\u0130stanbul Arac\u0131 Kargo\",\"url\":\"https:\/\/www.istanbularacikargo.com\/\",\"logo\":{\"@type\":\"ImageObject\",\"inLanguage\":\"tr\",\"@id\":\"https:\/\/www.istanbularacikargo.com\/#\/schema\/logo\/image\/\",\"url\":\"https:\/\/www.istanbularacikargo.com\/wp-content\/uploads\/2023\/11\/IST-ARACI-KARGO.png\",\"contentUrl\":\"https:\/\/www.istanbularacikargo.com\/wp-content\/uploads\/2023\/11\/IST-ARACI-KARGO.png\",\"width\":344,\"height\":141,\"caption\":\"\u0130stanbul Arac\u0131 Kargo\"},\"image\":{\"@id\":\"https:\/\/www.istanbularacikargo.com\/#\/schema\/logo\/image\/\"}}]}<\/script>\n<!-- \/ Yoast SEO plugin. -->","yoast_head_json":{"title":"\u0130stanbul Arac\u0131 Kargo fiyatlar\u0131","description":"\u0130stanbul Arac\u0131 Kargo Kap\u0131da \u00d6demi Kargo fiyatlar\u0131 ;Fiyatlar\u0131m\u0131z Aras Kargo,Ptt Kargo ve S\u00fcrat Kargo fiyatlar\u0131n\u0131 i\u00e7ermektedir. Yurti\u00e7i Kargo ve Mng Kargo i\u00e7in fiyat al\u0131n\u0131z. Fiyatlar\u0131m\u0131z G\u00fcnl\u00fck en az 10 ve \u00fczeri d\u00fczenli Kargo \u00e7\u0131k\u0131\u015f\u0131 olan M\u00fc\u015fteriler i\u00e7in ge\u00e7erli Fiyat tarifesidir","robots":{"index":"index","follow":"follow","max-snippet":"max-snippet:-1","max-image-preview":"max-image-preview:large","max-video-preview":"max-video-preview:-1"},"canonical":"https:\/\/www.istanbularacikargo.com\/?page_id=263","og_locale":"tr_TR","og_type":"article","og_title":"\u0130stanbul Arac\u0131 Kargo fiyatlar\u0131","og_description":"\u0130stanbul Arac\u0131 Kargo Kap\u0131da \u00d6demi Kargo fiyatlar\u0131 ;Fiyatlar\u0131m\u0131z Aras Kargo,Ptt Kargo ve S\u00fcrat Kargo fiyatlar\u0131n\u0131 i\u00e7ermektedir. Yurti\u00e7i Kargo ve Mng Kargo i\u00e7in fiyat al\u0131n\u0131z. Fiyatlar\u0131m\u0131z G\u00fcnl\u00fck en az 10 ve \u00fczeri d\u00fczenli Kargo \u00e7\u0131k\u0131\u015f\u0131 olan M\u00fc\u015fteriler i\u00e7in ge\u00e7erli Fiyat tarifesidir","og_url":"https:\/\/www.istanbularacikargo.com\/?page_id=263","og_site_name":"\u0130stanbul Arac\u0131 Kargo","article_modified_time":"2024-09-25T07:41:51+00:00","og_image":[{"url":"https:\/\/www.istanbularacikargo.com\/wp-content\/uploads\/2023\/09\/anlasmalikargolar.jpg","type":"","width":"","height":""}],"twitter_card":"summary_large_image","twitter_misc":{"Tahmini okuma s\u00fcresi":"1 dakika"},"schema":{"@context":"https:\/\/schema.org","@graph":[{"@type":"WebPage","@id":"https:\/\/www.istanbularacikargo.com\/?page_id=263","url":"https:\/\/www.istanbularacikargo.com\/?page_id=263","name":"\u0130stanbul Arac\u0131 Kargo fiyatlar\u0131","isPartOf":{"@id":"https:\/\/www.istanbularacikargo.com\/#website"},"primaryImageOfPage":{"@id":"https:\/\/www.istanbularacikargo.com\/?page_id=263#primaryimage"},"image":{"@id":"https:\/\/www.istanbularacikargo.com\/?page_id=263#primaryimage"},"thumbnailUrl":"https:\/\/www.istanbularacikargo.com\/wp-content\/uploads\/2023\/09\/anlasmalikargolar.jpg","datePublished":"2023-09-19T13:34:02+00:00","dateModified":"2024-09-25T07:41:51+00:00","description":"\u0130stanbul Arac\u0131 Kargo Kap\u0131da \u00d6demi Kargo fiyatlar\u0131 ;Fiyatlar\u0131m\u0131z Aras Kargo,Ptt Kargo ve S\u00fcrat Kargo fiyatlar\u0131n\u0131 i\u00e7ermektedir. Yurti\u00e7i Kargo ve Mng Kargo i\u00e7in fiyat al\u0131n\u0131z. Fiyatlar\u0131m\u0131z G\u00fcnl\u00fck en az 10 ve \u00fczeri d\u00fczenli Kargo \u00e7\u0131k\u0131\u015f\u0131 olan M\u00fc\u015fteriler i\u00e7in ge\u00e7erli Fiyat tarifesidir","breadcrumb":{"@id":"https:\/\/www.istanbularacikargo.com\/?page_id=263#breadcrumb"},"inLanguage":"tr","potentialAction":[{"@type":"ReadAction","target":["https:\/\/www.istanbularacikargo.com\/?page_id=263"]}]},{"@type":"ImageObject","inLanguage":"tr","@id":"https:\/\/www.istanbularacikargo.com\/?page_id=263#primaryimage","url":"https:\/\/www.istanbularacikargo.com\/wp-content\/uploads\/2023\/09\/anlasmalikargolar.jpg","contentUrl":"https:\/\/www.istanbularacikargo.com\/wp-content\/uploads\/2023\/09\/anlasmalikargolar.jpg","width":1200,"height":427},{"@type":"BreadcrumbList","@id":"https:\/\/www.istanbularacikargo.com\/?page_id=263#breadcrumb","itemListElement":[{"@type":"ListItem","position":1,"name":"Anasayfa","item":"https:\/\/www.istanbularacikargo.com\/"},{"@type":"ListItem","position":2,"name":"Fiyatlar\u0131m\u0131z"}]},{"@type":"WebSite","@id":"https:\/\/www.istanbularacikargo.com\/#website","url":"https:\/\/www.istanbularacikargo.com\/","name":"\u0130stanbul Arac\u0131 Kargo","description":"| (0212) 269 70 33  | Kap\u0131da \u00d6deme  |","publisher":{"@id":"https:\/\/www.istanbularacikargo.com\/#organization"},"potentialAction":[{"@type":"SearchAction","target":{"@type":"EntryPoint","urlTemplate":"https:\/\/www.istanbularacikargo.com\/?s={search_term_string}"},"query-input":{"@type":"PropertyValueSpecification","valueRequired":true,"valueName":"search_term_string"}}],"inLanguage":"tr"},{"@type":"Organization","@id":"https:\/\/www.istanbularacikargo.com\/#organization","name":"\u0130stanbul Arac\u0131 Kargo","alternateName":"\u0130stanbul Arac\u0131 Kargo","url":"https:\/\/www.istanbularacikargo.com\/","logo":{"@type":"ImageObject","inLanguage":"tr","@id":"https:\/\/www.istanbularacikargo.com\/#\/schema\/logo\/image\/","url":"https:\/\/www.istanbularacikargo.com\/wp-content\/uploads\/2023\/11\/IST-ARACI-KARGO.png","contentUrl":"https:\/\/www.istanbularacikargo.com\/wp-content\/uploads\/2023\/11\/IST-ARACI-KARGO.png","width":344,"height":141,"caption":"\u0130stanbul Arac\u0131 Kargo"},"image":{"@id":"https:\/\/www.istanbularacikargo.com\/#\/schema\/logo\/image\/"}}]}},"_links":{"self":[{"href":"https:\/\/www.istanbularacikargo.com\/index.php?rest_route=\/wp\/v2\/pages\/263","targetHints":{"allow":["GET"]}}],"collection":[{"href":"https:\/\/www.istanbularacikargo.com\/index.php?rest_route=\/wp\/v2\/pages"}],"about":[{"href":"https:\/\/www.istanbularacikargo.com\/index.php?rest_route=\/wp\/v2\/types\/page"}],"author":[{"embeddable":true,"href":"https:\/\/www.istanbularacikargo.com\/index.php?rest_route=\/wp\/v2\/users\/1"}],"replies":[{"embeddable":true,"href":"https:\/\/www.istanbularacikargo.com\/index.php?rest_route=%2Fwp%2Fv2%2Fcomments&post=263"}],"version-history":[{"count":4,"href":"https:\/\/www.istanbularacikargo.com\/index.php?rest_route=\/wp\/v2\/pages\/263\/revisions"}],"predecessor-version":[{"id":433,"href":"https:\/\/www.istanbularacikargo.com\/index.php?rest_route=\/wp\/v2\/pages\/263\/revisions\/433"}],"wp:attachment":[{"href":"https:\/\/www.istanbularacikargo.com\/index.php?rest_route=%2Fwp%2Fv2%2Fmedia&parent=263"}],"curies":[{"name":"wp","href":"https:\/\/api.w.org\/{rel}","templated":true}]}}