{"id":20,"date":"2022-06-16T07:33:36","date_gmt":"2022-06-16T07:33:36","guid":{"rendered":"https:\/\/www.istanbularacikargo.com\/?page_id=20"},"modified":"2022-06-16T07:33:37","modified_gmt":"2022-06-16T07:33:37","slug":"hakkimizda","status":"publish","type":"page","link":"https:\/\/www.istanbularacikargo.com\/?page_id=20","title":{"rendered":"Hakk\u0131m\u0131zda"},"content":{"rendered":"\n<p>\u0130stanbul Arac\u0131 Kargo Merkezi \u0130stanbul Ka\u011f\u0131thane&#8217;de Kurulmu\u015f arac\u0131 Kargo firmas\u0131d\u0131r.T\u00fcm Kargolar ile anla\u015fmal\u0131 olup M\u00fc\u015fterinin iste\u011fine g\u00f6re Kendi Kargosunu se\u00e7me imkan\u0131 sunmaktad\u0131r.\u0130stanbul Arac\u0131 kargo Profesyonel Operasyon ekibi ile  M\u00fc\u015fteri memnuniyetini \u00f6n planda tutan M\u00fc\u015fteri odakl\u0131 \u00e7al\u0131\u015fan Arac\u0131 Kargo firmas\u0131 oldu\u011fu g\u00f6stermi\u015ftir.<\/p>\n","protected":false},"excerpt":{"rendered":"<p>\u0130stanbul Arac\u0131 Kargo Merkezi \u0130stanbul Ka\u011f\u0131thane&#8217;de Kurulmu\u015f arac\u0131 Kargo firmas\u0131d\u0131r.T\u00fcm Kargolar ile anla\u015fmal\u0131 olup M\u00fc\u015fterinin iste\u011fine g\u00f6re Kendi Kargosunu se\u00e7me imkan\u0131 sunmaktad\u0131r.\u0130stanbul Arac\u0131 kargo Profesyonel Operasyon ekibi ile M\u00fc\u015fteri memnuniyetini \u00f6n planda tutan M\u00fc\u015fteri odakl\u0131 \u00e7al\u0131\u015fan Arac\u0131 Kargo firmas\u0131 oldu\u011fu g\u00f6stermi\u015ftir.<\/p>\n","protected":false},"author":1,"featured_media":0,"parent":0,"menu_order":0,"comment_status":"closed","ping_status":"closed","template":"","meta":{"footnotes":""},"class_list":["post-20","page","type-page","status-publish","hentry"],"yoast_head":"<!-- This site is optimized with the Yoast SEO plugin v26.2 - https:\/\/yoast.com\/wordpress\/plugins\/seo\/ -->\n<title>\u0130stanbul Arac\u0131 Kargo ( 0 212 ) 269 70 33<\/title>\n<meta name=\"description\" content=\"\u0130stanbul Arac\u0131 Kargo Merkezi \u0130stanbul Ka\u011f\u0131thane&#039;de Kurulmu\u015f arac\u0131 Kargo firmas\u0131d\u0131r.T\u00fcm Kargolar ile anla\u015fmal\u0131 olup M\u00fc\u015fterinin iste\u011fine g\u00f6re Kendi Kargosunu se\u00e7me imkan\u0131 sunmaktad\u0131r.\u0130stanbul Arac\u0131 kargo Profesyonel Operasyon ekibi ile M\u00fc\u015fteri memnuniyetini \u00f6n planda tutan M\u00fc\u015fteri odakl\u0131 \u00e7al\u0131\u015fan Arac\u0131 Kargo firmas\u0131 oldu\u011fu g\u00f6stermi\u015ftir.\" \/>\n<meta name=\"robots\" content=\"index, follow, max-snippet:-1, max-image-preview:large, max-video-preview:-1\" \/>\n<link rel=\"canonical\" href=\"https:\/\/www.istanbularacikargo.com\/?page_id=20\" \/>\n<meta property=\"og:locale\" content=\"tr_TR\" \/>\n<meta property=\"og:type\" content=\"article\" \/>\n<meta property=\"og:title\" content=\"\u0130stanbul Arac\u0131 Kargo ( 0 212 ) 269 70 33\" \/>\n<meta property=\"og:description\" content=\"\u0130stanbul Arac\u0131 Kargo Merkezi \u0130stanbul Ka\u011f\u0131thane&#039;de Kurulmu\u015f arac\u0131 Kargo firmas\u0131d\u0131r.T\u00fcm Kargolar ile anla\u015fmal\u0131 olup M\u00fc\u015fterinin iste\u011fine g\u00f6re Kendi Kargosunu se\u00e7me imkan\u0131 sunmaktad\u0131r.\u0130stanbul Arac\u0131 kargo Profesyonel Operasyon ekibi ile M\u00fc\u015fteri memnuniyetini \u00f6n planda tutan M\u00fc\u015fteri odakl\u0131 \u00e7al\u0131\u015fan Arac\u0131 Kargo firmas\u0131 oldu\u011fu g\u00f6stermi\u015ftir.\" \/>\n<meta property=\"og:url\" content=\"https:\/\/www.istanbularacikargo.com\/?page_id=20\" \/>\n<meta property=\"og:site_name\" content=\"\u0130stanbul Arac\u0131 Kargo\" \/>\n<meta property=\"article:modified_time\" content=\"2022-06-16T07:33:37+00:00\" \/>\n<meta property=\"og:image\" content=\"https:\/\/www.istanbularacikargo.com\/wp-content\/uploads\/2024\/12\/Kapida-Odemeli-kargo-gondermenin-avantajlari-nedir.png\" \/>\n\t<meta property=\"og:image:width\" content=\"1080\" \/>\n\t<meta property=\"og:image:height\" content=\"1080\" \/>\n\t<meta property=\"og:image:type\" content=\"image\/png\" \/>\n<meta name=\"twitter:card\" content=\"summary_large_image\" \/>\n<meta name=\"twitter:label1\" content=\"Tahmini okuma s\u00fcresi\" \/>\n\t<meta name=\"twitter:data1\" content=\"1 dakika\" \/>\n<script type=\"application\/ld+json\" class=\"yoast-schema-graph\">{\"@context\":\"https:\/\/schema.org\",\"@graph\":[{\"@type\":\"WebPage\",\"@id\":\"https:\/\/www.istanbularacikargo.com\/?page_id=20\",\"url\":\"https:\/\/www.istanbularacikargo.com\/?page_id=20\",\"name\":\"\u0130stanbul Arac\u0131 Kargo ( 0 212 ) 269 70 33\",\"isPartOf\":{\"@id\":\"https:\/\/www.istanbularacikargo.com\/#website\"},\"datePublished\":\"2022-06-16T07:33:36+00:00\",\"dateModified\":\"2022-06-16T07:33:37+00:00\",\"description\":\"\u0130stanbul Arac\u0131 Kargo Merkezi \u0130stanbul Ka\u011f\u0131thane'de Kurulmu\u015f arac\u0131 Kargo firmas\u0131d\u0131r.T\u00fcm Kargolar ile anla\u015fmal\u0131 olup M\u00fc\u015fterinin iste\u011fine g\u00f6re Kendi Kargosunu se\u00e7me imkan\u0131 sunmaktad\u0131r.\u0130stanbul Arac\u0131 kargo Profesyonel Operasyon ekibi ile M\u00fc\u015fteri memnuniyetini \u00f6n planda tutan M\u00fc\u015fteri odakl\u0131 \u00e7al\u0131\u015fan Arac\u0131 Kargo firmas\u0131 oldu\u011fu g\u00f6stermi\u015ftir.\",\"breadcrumb\":{\"@id\":\"https:\/\/www.istanbularacikargo.com\/?page_id=20#breadcrumb\"},\"inLanguage\":\"tr\",\"potentialAction\":[{\"@type\":\"ReadAction\",\"target\":[\"https:\/\/www.istanbularacikargo.com\/?page_id=20\"]}]},{\"@type\":\"BreadcrumbList\",\"@id\":\"https:\/\/www.istanbularacikargo.com\/?page_id=20#breadcrumb\",\"itemListElement\":[{\"@type\":\"ListItem\",\"position\":1,\"name\":\"Anasayfa\",\"item\":\"https:\/\/www.istanbularacikargo.com\/\"},{\"@type\":\"ListItem\",\"position\":2,\"name\":\"Hakk\u0131m\u0131zda\"}]},{\"@type\":\"WebSite\",\"@id\":\"https:\/\/www.istanbularacikargo.com\/#website\",\"url\":\"https:\/\/www.istanbularacikargo.com\/\",\"name\":\"\u0130stanbul Arac\u0131 Kargo\",\"description\":\"| (0212) 269 70 33  | Kap\u0131da \u00d6deme  |\",\"publisher\":{\"@id\":\"https:\/\/www.istanbularacikargo.com\/#organization\"},\"potentialAction\":[{\"@type\":\"SearchAction\",\"target\":{\"@type\":\"EntryPoint\",\"urlTemplate\":\"https:\/\/www.istanbularacikargo.com\/?s={search_term_string}\"},\"query-input\":{\"@type\":\"PropertyValueSpecification\",\"valueRequired\":true,\"valueName\":\"search_term_string\"}}],\"inLanguage\":\"tr\"},{\"@type\":\"Organization\",\"@id\":\"https:\/\/www.istanbularacikargo.com\/#organization\",\"name\":\"\u0130stanbul Arac\u0131 Kargo\",\"alternateName\":\"\u0130stanbul Arac\u0131 Kargo\",\"url\":\"https:\/\/www.istanbularacikargo.com\/\",\"logo\":{\"@type\":\"ImageObject\",\"inLanguage\":\"tr\",\"@id\":\"https:\/\/www.istanbularacikargo.com\/#\/schema\/logo\/image\/\",\"url\":\"https:\/\/www.istanbularacikargo.com\/wp-content\/uploads\/2023\/11\/IST-ARACI-KARGO.png\",\"contentUrl\":\"https:\/\/www.istanbularacikargo.com\/wp-content\/uploads\/2023\/11\/IST-ARACI-KARGO.png\",\"width\":344,\"height\":141,\"caption\":\"\u0130stanbul Arac\u0131 Kargo\"},\"image\":{\"@id\":\"https:\/\/www.istanbularacikargo.com\/#\/schema\/logo\/image\/\"}}]}<\/script>\n<!-- \/ Yoast SEO plugin. -->","yoast_head_json":{"title":"\u0130stanbul Arac\u0131 Kargo ( 0 212 ) 269 70 33","description":"\u0130stanbul Arac\u0131 Kargo Merkezi \u0130stanbul Ka\u011f\u0131thane'de Kurulmu\u015f arac\u0131 Kargo firmas\u0131d\u0131r.T\u00fcm Kargolar ile anla\u015fmal\u0131 olup M\u00fc\u015fterinin iste\u011fine g\u00f6re Kendi Kargosunu se\u00e7me imkan\u0131 sunmaktad\u0131r.\u0130stanbul Arac\u0131 kargo Profesyonel Operasyon ekibi ile M\u00fc\u015fteri memnuniyetini \u00f6n planda tutan M\u00fc\u015fteri odakl\u0131 \u00e7al\u0131\u015fan Arac\u0131 Kargo firmas\u0131 oldu\u011fu g\u00f6stermi\u015ftir.","robots":{"index":"index","follow":"follow","max-snippet":"max-snippet:-1","max-image-preview":"max-image-preview:large","max-video-preview":"max-video-preview:-1"},"canonical":"https:\/\/www.istanbularacikargo.com\/?page_id=20","og_locale":"tr_TR","og_type":"article","og_title":"\u0130stanbul Arac\u0131 Kargo ( 0 212 ) 269 70 33","og_description":"\u0130stanbul Arac\u0131 Kargo Merkezi \u0130stanbul Ka\u011f\u0131thane'de Kurulmu\u015f arac\u0131 Kargo firmas\u0131d\u0131r.T\u00fcm Kargolar ile anla\u015fmal\u0131 olup M\u00fc\u015fterinin iste\u011fine g\u00f6re Kendi Kargosunu se\u00e7me imkan\u0131 sunmaktad\u0131r.\u0130stanbul Arac\u0131 kargo Profesyonel Operasyon ekibi ile M\u00fc\u015fteri memnuniyetini \u00f6n planda tutan M\u00fc\u015fteri odakl\u0131 \u00e7al\u0131\u015fan Arac\u0131 Kargo firmas\u0131 oldu\u011fu g\u00f6stermi\u015ftir.","og_url":"https:\/\/www.istanbularacikargo.com\/?page_id=20","og_site_name":"\u0130stanbul Arac\u0131 Kargo","article_modified_time":"2022-06-16T07:33:37+00:00","og_image":[{"width":1080,"height":1080,"url":"https:\/\/www.istanbularacikargo.com\/wp-content\/uploads\/2024\/12\/Kapida-Odemeli-kargo-gondermenin-avantajlari-nedir.png","type":"image\/png"}],"twitter_card":"summary_large_image","twitter_misc":{"Tahmini okuma s\u00fcresi":"1 dakika"},"schema":{"@context":"https:\/\/schema.org","@graph":[{"@type":"WebPage","@id":"https:\/\/www.istanbularacikargo.com\/?page_id=20","url":"https:\/\/www.istanbularacikargo.com\/?page_id=20","name":"\u0130stanbul Arac\u0131 Kargo ( 0 212 ) 269 70 33","isPartOf":{"@id":"https:\/\/www.istanbularacikargo.com\/#website"},"datePublished":"2022-06-16T07:33:36+00:00","dateModified":"2022-06-16T07:33:37+00:00","description":"\u0130stanbul Arac\u0131 Kargo Merkezi \u0130stanbul Ka\u011f\u0131thane'de Kurulmu\u015f arac\u0131 Kargo firmas\u0131d\u0131r.T\u00fcm Kargolar ile anla\u015fmal\u0131 olup M\u00fc\u015fterinin iste\u011fine g\u00f6re Kendi Kargosunu se\u00e7me imkan\u0131 sunmaktad\u0131r.\u0130stanbul Arac\u0131 kargo Profesyonel Operasyon ekibi ile M\u00fc\u015fteri memnuniyetini \u00f6n planda tutan M\u00fc\u015fteri odakl\u0131 \u00e7al\u0131\u015fan Arac\u0131 Kargo firmas\u0131 oldu\u011fu g\u00f6stermi\u015ftir.","breadcrumb":{"@id":"https:\/\/www.istanbularacikargo.com\/?page_id=20#breadcrumb"},"inLanguage":"tr","potentialAction":[{"@type":"ReadAction","target":["https:\/\/www.istanbularacikargo.com\/?page_id=20"]}]},{"@type":"BreadcrumbList","@id":"https:\/\/www.istanbularacikargo.com\/?page_id=20#breadcrumb","itemListElement":[{"@type":"ListItem","position":1,"name":"Anasayfa","item":"https:\/\/www.istanbularacikargo.com\/"},{"@type":"ListItem","position":2,"name":"Hakk\u0131m\u0131zda"}]},{"@type":"WebSite","@id":"https:\/\/www.istanbularacikargo.com\/#website","url":"https:\/\/www.istanbularacikargo.com\/","name":"\u0130stanbul Arac\u0131 Kargo","description":"| (0212) 269 70 33  | Kap\u0131da \u00d6deme  |","publisher":{"@id":"https:\/\/www.istanbularacikargo.com\/#organization"},"potentialAction":[{"@type":"SearchAction","target":{"@type":"EntryPoint","urlTemplate":"https:\/\/www.istanbularacikargo.com\/?s={search_term_string}"},"query-input":{"@type":"PropertyValueSpecification","valueRequired":true,"valueName":"search_term_string"}}],"inLanguage":"tr"},{"@type":"Organization","@id":"https:\/\/www.istanbularacikargo.com\/#organization","name":"\u0130stanbul Arac\u0131 Kargo","alternateName":"\u0130stanbul Arac\u0131 Kargo","url":"https:\/\/www.istanbularacikargo.com\/","logo":{"@type":"ImageObject","inLanguage":"tr","@id":"https:\/\/www.istanbularacikargo.com\/#\/schema\/logo\/image\/","url":"https:\/\/www.istanbularacikargo.com\/wp-content\/uploads\/2023\/11\/IST-ARACI-KARGO.png","contentUrl":"https:\/\/www.istanbularacikargo.com\/wp-content\/uploads\/2023\/11\/IST-ARACI-KARGO.png","width":344,"height":141,"caption":"\u0130stanbul Arac\u0131 Kargo"},"image":{"@id":"https:\/\/www.istanbularacikargo.com\/#\/schema\/logo\/image\/"}}]}},"_links":{"self":[{"href":"https:\/\/www.istanbularacikargo.com\/index.php?rest_route=\/wp\/v2\/pages\/20","targetHints":{"allow":["GET"]}}],"collection":[{"href":"https:\/\/www.istanbularacikargo.com\/index.php?rest_route=\/wp\/v2\/pages"}],"about":[{"href":"https:\/\/www.istanbularacikargo.com\/index.php?rest_route=\/wp\/v2\/types\/page"}],"author":[{"embeddable":true,"href":"https:\/\/www.istanbularacikargo.com\/index.php?rest_route=\/wp\/v2\/users\/1"}],"replies":[{"embeddable":true,"href":"https:\/\/www.istanbularacikargo.com\/index.php?rest_route=%2Fwp%2Fv2%2Fcomments&post=20"}],"version-history":[{"count":1,"href":"https:\/\/www.istanbularacikargo.com\/index.php?rest_route=\/wp\/v2\/pages\/20\/revisions"}],"predecessor-version":[{"id":22,"href":"https:\/\/www.istanbularacikargo.com\/index.php?rest_route=\/wp\/v2\/pages\/20\/revisions\/22"}],"wp:attachment":[{"href":"https:\/\/www.istanbularacikargo.com\/index.php?rest_route=%2Fwp%2Fv2%2Fmedia&parent=20"}],"curies":[{"name":"wp","href":"https:\/\/api.w.org\/{rel}","templated":true}]}}